{"id":2055,"date":"2024-10-01T11:17:16","date_gmt":"2024-10-01T11:17:16","guid":{"rendered":"https:\/\/nowa.gozd.pl\/?page_id=2055"},"modified":"2024-10-01T11:42:48","modified_gmt":"2024-10-01T11:42:48","slug":"prow","status":"publish","type":"page","link":"https:\/\/nowa.gozd.pl\/?page_id=2055","title":{"rendered":""},"content":{"rendered":"\n<p>W dniu 07.02.2024 r. w Departamencie Rolnictwa i Rozwoju Obszar\u00f3w Wiejskich Urz\u0119du Marsza\u0142kowskiego Wojew\u00f3dztwa Mazowieckiego w Warszawie zosta\u0142a podpisana umowa o przyznaniu pomocy w ramach poddzia\u0142ania 19.2 \u201eWsparcie na wdra\u017canie operacji w ramach strategii rozwoju lokalnego kierowanego przez spo\u0142eczno\u015b\u0107\u201d obj\u0119tego Programem Rozwoju Obszar\u00f3w Wiejskich na lata 2014-2020 w zakresie tematycznym \u2013 Infrastruktura turystyczna, kulturalna i rekreacyjna na realizacj\u0119 zadania pod nazw\u0105: <strong>\u201eZagospodarowanie terenu rekreacyjnego w miejscowo\u015bci Grzmucin, gmina G\u00f3zd\u201d.<\/strong> Wniosek o przyznanie pomocy z\u0142o\u017cono w ramach naboru og\u0142oszonego przez Lokaln\u0105 Grup\u0119 Dzia\u0142ania Stowarzyszenie \u201eDziedzictwo i Rozw\u00f3j\u201d.<\/p>\n\n\n\n<p>Warto\u015b\u0107 inwestycji \u2013 <strong>279.695,74 z\u0142, <\/strong>kwota pomocy \u2013 <strong><u>177.970,00 z\u0142<\/u><\/strong><\/p>\n\n\n\n<p>Planowany termin zako\u0144czenia i rozliczenia zadania \u2013 czerwiec 2024 roku.<\/p>\n\n\n\n<figure class=\"wp-block-image size-large\"><img loading=\"lazy\" decoding=\"async\" width=\"1024\" height=\"686\" src=\"https:\/\/nowa.gozd.pl\/wp-content\/uploads\/2024\/10\/Unijna-2024-Gozd-1-1024x686.jpg\" alt=\"\" class=\"wp-image-2063\" srcset=\"https:\/\/nowa.gozd.pl\/wp-content\/uploads\/2024\/10\/Unijna-2024-Gozd-1-1024x686.jpg 1024w, https:\/\/nowa.gozd.pl\/wp-content\/uploads\/2024\/10\/Unijna-2024-Gozd-1-300x201.jpg 300w, https:\/\/nowa.gozd.pl\/wp-content\/uploads\/2024\/10\/Unijna-2024-Gozd-1-768x514.jpg 768w, https:\/\/nowa.gozd.pl\/wp-content\/uploads\/2024\/10\/Unijna-2024-Gozd-1-1536x1028.jpg 1536w, https:\/\/nowa.gozd.pl\/wp-content\/uploads\/2024\/10\/Unijna-2024-Gozd-1-2048x1371.jpg 2048w\" sizes=\"auto, (max-width: 1024px) 100vw, 1024px\" \/><\/figure>\n","protected":false},"excerpt":{"rendered":"<div class=\"mh-excerpt\"><p>W dniu 07.02.2024 r. w Departamencie Rolnictwa i Rozwoju Obszar\u00f3w Wiejskich Urz\u0119du Marsza\u0142kowskiego Wojew\u00f3dztwa Mazowieckiego w Warszawie zosta\u0142a podpisana umowa o przyznaniu pomocy w ramach poddzia\u0142ania 19.2 \u201eWsparcie na wdra\u017canie operacji w ramach strategii rozwoju <a class=\"mh-excerpt-more\" href=\"https:\/\/nowa.gozd.pl\/?page_id=2055\" title=\"\">[&#8230;]<\/a><\/p>\n<\/div>","protected":false},"author":1,"featured_media":0,"parent":0,"menu_order":0,"comment_status":"closed","ping_status":"closed","template":"template-full.php","meta":{"footnotes":""},"class_list":["post-2055","page","type-page","status-publish"],"_links":{"self":[{"href":"https:\/\/nowa.gozd.pl\/index.php?rest_route=\/wp\/v2\/pages\/2055","targetHints":{"allow":["GET"]}}],"collection":[{"href":"https:\/\/nowa.gozd.pl\/index.php?rest_route=\/wp\/v2\/pages"}],"about":[{"href":"https:\/\/nowa.gozd.pl\/index.php?rest_route=\/wp\/v2\/types\/page"}],"author":[{"embeddable":true,"href":"https:\/\/nowa.gozd.pl\/index.php?rest_route=\/wp\/v2\/users\/1"}],"replies":[{"embeddable":true,"href":"https:\/\/nowa.gozd.pl\/index.php?rest_route=%2Fwp%2Fv2%2Fcomments&post=2055"}],"version-history":[{"count":4,"href":"https:\/\/nowa.gozd.pl\/index.php?rest_route=\/wp\/v2\/pages\/2055\/revisions"}],"predecessor-version":[{"id":2066,"href":"https:\/\/nowa.gozd.pl\/index.php?rest_route=\/wp\/v2\/pages\/2055\/revisions\/2066"}],"wp:attachment":[{"href":"https:\/\/nowa.gozd.pl\/index.php?rest_route=%2Fwp%2Fv2%2Fmedia&parent=2055"}],"curies":[{"name":"wp","href":"https:\/\/api.w.org\/{rel}","templated":true}]}}