{"id":3335,"date":"2025-12-29T15:09:54","date_gmt":"2025-12-29T15:09:54","guid":{"rendered":"https:\/\/nowa.gozd.pl\/?page_id=3335"},"modified":"2025-12-29T15:22:28","modified_gmt":"2025-12-29T15:22:28","slug":"nieruchomosci","status":"publish","type":"page","link":"https:\/\/nowa.gozd.pl\/?page_id=3335","title":{"rendered":"Nieruchomo\u015bci"},"content":{"rendered":"\n<p>W\u00f3jt Gminy G\u00f3zd og\u0142asza pierwszy pisemny przetarg nieograniczony na sprzeda\u017c nieruchomo\u015bci gruntowej stanowi\u0105cej w\u0142asno\u015b\u0107 gminy G\u00f3zd, po\u0142o\u017conej w obr\u0119bie 0005 \u2013 Ma\u0142\u0119czyn, oznaczonej jako dzia\u0142ka ewidencyjna nr 272\/1 o pow. 1100 m2.<\/p>\n\n\n\n<p><strong>Pobierz:<\/strong><\/p>\n\n\n\n<p><a href=\"http:\/\/www.bip.gozd.pl\/upload\/Zarzadzenie_Nr_61_2025.pdf\">Zarz\u0105dzenie Nr 61\/2025 z dnia 29 grudnia 2025 r. w sprawie og\u0142oszenia przetargu<\/a><\/p>\n\n\n\n<p><a href=\"http:\/\/www.bip.gozd.pl\/upload\/Zarzadzenie_Nr_61_2025_zal1_ogloszenie_o_przetargu.pdf\">Og\u0142oszenie o przetargu<\/a><\/p>\n\n\n\n<p><a href=\"http:\/\/www.bip.gozd.pl\/upload\/Zarzadzenie_Nr_61_2025_zal2_regulamin_i_warunki_przetargu.pdf\">Regulamin i warunki przetargu<\/a><\/p>\n","protected":false},"excerpt":{"rendered":"<div class=\"mh-excerpt\"><p>W\u00f3jt Gminy G\u00f3zd og\u0142asza pierwszy pisemny przetarg nieograniczony na sprzeda\u017c nieruchomo\u015bci gruntowej stanowi\u0105cej w\u0142asno\u015b\u0107 gminy G\u00f3zd, po\u0142o\u017conej w obr\u0119bie 0005 \u2013 Ma\u0142\u0119czyn, oznaczonej jako dzia\u0142ka ewidencyjna nr 272\/1 o pow. 1100 m2. Pobierz: Zarz\u0105dzenie Nr <a class=\"mh-excerpt-more\" href=\"https:\/\/nowa.gozd.pl\/?page_id=3335\" title=\"Nieruchomo\u015bci\">[&#8230;]<\/a><\/p>\n<\/div>","protected":false},"author":1,"featured_media":0,"parent":0,"menu_order":0,"comment_status":"closed","ping_status":"closed","template":"template-full.php","meta":{"footnotes":""},"class_list":["post-3335","page","type-page","status-publish"],"_links":{"self":[{"href":"https:\/\/nowa.gozd.pl\/index.php?rest_route=\/wp\/v2\/pages\/3335","targetHints":{"allow":["GET"]}}],"collection":[{"href":"https:\/\/nowa.gozd.pl\/index.php?rest_route=\/wp\/v2\/pages"}],"about":[{"href":"https:\/\/nowa.gozd.pl\/index.php?rest_route=\/wp\/v2\/types\/page"}],"author":[{"embeddable":true,"href":"https:\/\/nowa.gozd.pl\/index.php?rest_route=\/wp\/v2\/users\/1"}],"replies":[{"embeddable":true,"href":"https:\/\/nowa.gozd.pl\/index.php?rest_route=%2Fwp%2Fv2%2Fcomments&post=3335"}],"version-history":[{"count":4,"href":"https:\/\/nowa.gozd.pl\/index.php?rest_route=\/wp\/v2\/pages\/3335\/revisions"}],"predecessor-version":[{"id":3345,"href":"https:\/\/nowa.gozd.pl\/index.php?rest_route=\/wp\/v2\/pages\/3335\/revisions\/3345"}],"wp:attachment":[{"href":"https:\/\/nowa.gozd.pl\/index.php?rest_route=%2Fwp%2Fv2%2Fmedia&parent=3335"}],"curies":[{"name":"wp","href":"https:\/\/api.w.org\/{rel}","templated":true}]}}